{"id":6,"date":"2017-03-17T12:00:46","date_gmt":"2017-03-17T12:00:46","guid":{"rendered":"http:\/\/lezerszinter.hu\/wp\/?page_id=6"},"modified":"2021-04-28T03:19:15","modified_gmt":"2021-04-28T03:19:15","slug":"elonyok","status":"publish","type":"page","link":"http:\/\/www.lezerszinter.hu\/index.php\/elonyok\/","title":{"rendered":"El\u0151ny\u00f6k"},"content":{"rendered":"\n<div class=\"wp-block-columns\">\n<div class=\"wp-block-column is-vertically-aligned-center\">\n<ul><li>Az id\u0151 p\u00e9nz &#8211; Pontoss\u00e1g, precizit\u00e1s &#8211; Homogenit\u00e1s &#8211; Tiszta labor stb<\/li><li>T\u00f6bb mint 50% munka\u00f3ra sp\u00f3rolhat\u00f3<\/li><li>Digit\u00e1lis tervez\u00e9sb\u0151l ad\u00f3d\u00f3 pontoss\u00e1g<\/li><li>Homog\u00e9n v\u00e1zak magasabb min\u0151s\u00e9g<\/li><li>Kevesebb seg\u00e9danyagban \u00e1ll a p\u00e9nz<\/li><li>Nincs \u00f6ntv\u00e9nytiszt\u00edt\u00e1s<\/li><li>Nincs csapok lev\u00e1g\u00e1sa<\/li><li>Kevesebb kidolgoz\u00f3 eszk\u00f6z amortiz\u00e1l\u00f3d\u00e1s<\/li><li>Kevesebb g\u00e9pamortiz\u00e1ci\u00f3<\/li><li>Tiszt\u00e1bb munkak\u00f6rnyezet &#8211; ergonomiai el\u0151ny\u00f6k<\/li><li>Hum\u00e1ner\u0151forr\u00e1s optimaliz\u00e1l\u00e1s\u00a0&#8211; k\u00f6lts\u00e9ghat\u00e9konys\u00e1g<\/li><\/ul>\n<\/div>\n\n\n\n<div class=\"wp-block-column is-vertically-aligned-center\">\n<div class=\"wp-block-image\"><figure class=\"alignright size-large\"><img loading=\"lazy\" width=\"401\" height=\"600\" src=\"http:\/\/www.lezerszinter.hu\/wp-content\/uploads\/2017\/03\/3D-printer-Concept-Laser-Mlab-cusing-perspective-view.jpg\" alt=\"\" class=\"wp-image-209\" srcset=\"http:\/\/www.lezerszinter.hu\/wp-content\/uploads\/2017\/03\/3D-printer-Concept-Laser-Mlab-cusing-perspective-view.jpg 401w, http:\/\/www.lezerszinter.hu\/wp-content\/uploads\/2017\/03\/3D-printer-Concept-Laser-Mlab-cusing-perspective-view-201x300.jpg 201w\" sizes=\"(max-width: 401px) 100vw, 401px\" \/><\/figure><\/div>\n<\/div>\n<\/div>\n","protected":false},"excerpt":{"rendered":"<p>Az id\u0151 p\u00e9nz &#8211; Pontoss\u00e1g, precizit\u00e1s &#8211; Homogenit\u00e1s &#8211; Tiszta labor stb T\u00f6bb mint 50% munka\u00f3ra sp\u00f3rolhat\u00f3 Digit\u00e1lis tervez\u00e9sb\u0151l ad\u00f3d\u00f3 pontoss\u00e1g Homog\u00e9n v\u00e1zak magasabb min\u0151s\u00e9g Kevesebb seg\u00e9danyagban \u00e1ll a p\u00e9nz Nincs \u00f6ntv\u00e9nytiszt\u00edt\u00e1s Nincs csapok lev\u00e1g\u00e1sa Kevesebb kidolgoz\u00f3 eszk\u00f6z amortiz\u00e1l\u00f3d\u00e1s Kevesebb g\u00e9pamortiz\u00e1ci\u00f3 Tiszt\u00e1bb munkak\u00f6rnyezet &#8211; ergonomiai el\u0151ny\u00f6k Hum\u00e1ner\u0151forr\u00e1s optimaliz\u00e1l\u00e1s\u00a0&#8211; k\u00f6lts\u00e9ghat\u00e9konys\u00e1g<\/p>\n","protected":false},"author":1,"featured_media":0,"parent":0,"menu_order":0,"comment_status":"closed","ping_status":"closed","template":"","meta":[],"_links":{"self":[{"href":"http:\/\/www.lezerszinter.hu\/index.php\/wp-json\/wp\/v2\/pages\/6"}],"collection":[{"href":"http:\/\/www.lezerszinter.hu\/index.php\/wp-json\/wp\/v2\/pages"}],"about":[{"href":"http:\/\/www.lezerszinter.hu\/index.php\/wp-json\/wp\/v2\/types\/page"}],"author":[{"embeddable":true,"href":"http:\/\/www.lezerszinter.hu\/index.php\/wp-json\/wp\/v2\/users\/1"}],"replies":[{"embeddable":true,"href":"http:\/\/www.lezerszinter.hu\/index.php\/wp-json\/wp\/v2\/comments?post=6"}],"version-history":[{"count":7,"href":"http:\/\/www.lezerszinter.hu\/index.php\/wp-json\/wp\/v2\/pages\/6\/revisions"}],"predecessor-version":[{"id":329,"href":"http:\/\/www.lezerszinter.hu\/index.php\/wp-json\/wp\/v2\/pages\/6\/revisions\/329"}],"wp:attachment":[{"href":"http:\/\/www.lezerszinter.hu\/index.php\/wp-json\/wp\/v2\/media?parent=6"}],"curies":[{"name":"wp","href":"https:\/\/api.w.org\/{rel}","templated":true}]}}