{"id":319,"date":"2021-04-28T02:23:10","date_gmt":"2021-04-28T02:23:10","guid":{"rendered":"http:\/\/www.lezerszinter.hu\/?page_id=319"},"modified":"2023-08-27T20:40:12","modified_gmt":"2023-08-27T20:40:12","slug":"fooldal","status":"publish","type":"page","link":"http:\/\/www.lezerszinter.hu\/","title":{"rendered":"F\u0151oldal"},"content":{"rendered":"\n<div class=\"wp-block-group alignfull\"><div class=\"wp-block-group__inner-container\"><div id=\"gutenslider-1vby8eltr\" class=\"wp-block-eedee-block-gutenslider content-fixed alignfull adaptive-height arrow-style-1 arrow-position-sides arrow-mb-none dot-style-1 is-position-center-center\" style=\"--gutenslider-min-height: 50vh;--gutenslider-arrow-size: 30px;--gutenslider-dot-size: 25px;--gutenslider-arrow-color: #ffffff;--gutenslider-dot-color: #ffffff;--gutenslider-padding-y-mobile: 40px;--gutenslider-padding-x-mobile: 40px;--gutenslider-padding-y-tablet: 40px;--gutenslider-padding-x-tablet: 40px;--gutenslider-padding-y-desktop: 40px;--gutenslider-padding-x-desktop: 40px;--gutenslider-bg-image: url();--gutenslider-min-height-md: 50vh;--gutenslider-min-height-sm: 50vh;--gutenslider-padding-x: 0px;--gutenslider-padding-x-md: 0px;--gutenslider-padding-x-sm: 0px;--gutenslider-padding-y: 0px;--gutenslider-padding-y-md: 0px;--gutenslider-padding-y-sm: 0px;--gutenslider-arrow-size-md: 30px;--gutenslider-arrow-size-sm: 30px;--gutenslider-dot-size-md: 25px;--gutenslider-dot-size-sm: 25px;--gutenslider-arrow-bg-color: transparent;--gutenslider-arrow-hover-color: #eeeeee;--gutenslider-arrow-bg-hover-color: transparent;--gutenslider-arrow-x-offset: 10px;--gutenslider-arrow-x-offset-md: 10px;--gutenslider-arrow-x-offset-sm: 10px;--gutenslider-arrow-y-offset: 0px;--gutenslider-arrow-y-offset-md: 0px;--gutenslider-arrow-y-offset-sm: 0px;--gutenslider-arrow-x-spacing: 0px;\" data-parallax-direction=\"down\" data-parallax-amount=\"1.3\"><div class=\"slider-overlay\" style=\"\"><\/div><div class=\"slick-slider\" data-slick='{\"lazyload\":\"ondemand\",\"infinite\":true,\"pauseOnFocus\":true,\"pauseOnHover\":true,\"dots\":true,\"arrows\":true,\"autoplaySpeed\":3000,\"speed\":700,\"autoplay\":true,\"fade\":true,\"pauseOnDotsHover\":true,\"slidesToShow\":1,\"slidesToScroll\":1,\"adaptiveHeight\":true,\"responsive\":[{\"breakpoint\":960,\"settings\":{\"arrows\":true,\"dots\":true,\"slidesToShow\":1,\"slidesToScroll\":1}},{\"breakpoint\":600,\"settings\":{\"arrows\":true,\"dots\":true,\"slidesToShow\":1,\"slidesToScroll\":1}}]}'>\n\n<div class=\"wp-block-eedee-block-gutenslide vertical-align-center\"><div id=\"gutenslide-09tvj0jqz\"><div class=\"eedee-background-div\"><img loading=\"lazy\" width=\"1680\" height=\"500\" class=\"wp-image-120 swiper-zoom-target\" src=\"http:\/\/www.lezerszinter.hu\/wp-content\/uploads\/2017\/03\/3.jpg\" alt=\"\" style=\"object-fit:cover;object-position:50% 50%\" srcset=\"http:\/\/www.lezerszinter.hu\/wp-content\/uploads\/2017\/03\/3.jpg 1680w, http:\/\/www.lezerszinter.hu\/wp-content\/uploads\/2017\/03\/3-300x89.jpg 300w, http:\/\/www.lezerszinter.hu\/wp-content\/uploads\/2017\/03\/3-768x229.jpg 768w, http:\/\/www.lezerszinter.hu\/wp-content\/uploads\/2017\/03\/3-1024x305.jpg 1024w\" sizes=\"(max-width: 1680px) 100vw, 1680px\" \/><div class=\"eedee-background-div__overlay\" style=\"opacity:1\"><\/div><\/div><div class=\"slide-content\">\n<p class=\"has-text-align-center gutenslider-content-initial has-larger-font-size\"><\/p>\n<\/div><\/div><\/div>\n\n\n\n<div class=\"wp-block-eedee-block-gutenslide vertical-align-center\"><div id=\"gutenslide-k90xd0iv4\"><div class=\"eedee-background-div\"><img loading=\"lazy\" width=\"1680\" height=\"500\" class=\"wp-image-122 swiper-zoom-target\" src=\"http:\/\/www.lezerszinter.hu\/wp-content\/uploads\/2017\/03\/2-1.jpg\" alt=\"\" style=\"object-fit:cover;object-position:50% 50%\" srcset=\"http:\/\/www.lezerszinter.hu\/wp-content\/uploads\/2017\/03\/2-1.jpg 1680w, http:\/\/www.lezerszinter.hu\/wp-content\/uploads\/2017\/03\/2-1-300x89.jpg 300w, http:\/\/www.lezerszinter.hu\/wp-content\/uploads\/2017\/03\/2-1-768x229.jpg 768w, http:\/\/www.lezerszinter.hu\/wp-content\/uploads\/2017\/03\/2-1-1024x305.jpg 1024w\" sizes=\"(max-width: 1680px) 100vw, 1680px\" \/><div class=\"eedee-background-div__overlay\" style=\"opacity:1\"><\/div><\/div><div class=\"slide-content\">\n<p class=\"has-text-align-center gutenslider-content-initial has-larger-font-size\"><\/p>\n<\/div><\/div><\/div>\n\n<\/div><div class=\"wp-block-eedee-gutenslider__content mb-mb-none co-1\" style=\"\">\n\n<div class=\"wp-block-eedee-block-gutenslide vertical-align-center\"><div id=\"gutenslide-09tvj0jqz\"><div class=\"eedee-background-div\"><img loading=\"lazy\" width=\"1680\" height=\"500\" class=\"wp-image-120 swiper-zoom-target\" src=\"http:\/\/www.lezerszinter.hu\/wp-content\/uploads\/2017\/03\/3.jpg\" alt=\"\" style=\"object-fit:cover;object-position:50% 50%\" srcset=\"http:\/\/www.lezerszinter.hu\/wp-content\/uploads\/2017\/03\/3.jpg 1680w, http:\/\/www.lezerszinter.hu\/wp-content\/uploads\/2017\/03\/3-300x89.jpg 300w, http:\/\/www.lezerszinter.hu\/wp-content\/uploads\/2017\/03\/3-768x229.jpg 768w, http:\/\/www.lezerszinter.hu\/wp-content\/uploads\/2017\/03\/3-1024x305.jpg 1024w\" sizes=\"(max-width: 1680px) 100vw, 1680px\" \/><div class=\"eedee-background-div__overlay\" style=\"opacity:1\"><\/div><\/div><div class=\"slide-content\">\n<p class=\"has-text-align-center gutenslider-content-initial has-larger-font-size\"><\/p>\n<\/div><\/div><\/div>\n\n\n\n<div class=\"wp-block-eedee-block-gutenslide vertical-align-center\"><div id=\"gutenslide-k90xd0iv4\"><div class=\"eedee-background-div\"><img loading=\"lazy\" width=\"1680\" height=\"500\" class=\"wp-image-122 swiper-zoom-target\" src=\"http:\/\/www.lezerszinter.hu\/wp-content\/uploads\/2017\/03\/2-1.jpg\" alt=\"\" style=\"object-fit:cover;object-position:50% 50%\" srcset=\"http:\/\/www.lezerszinter.hu\/wp-content\/uploads\/2017\/03\/2-1.jpg 1680w, http:\/\/www.lezerszinter.hu\/wp-content\/uploads\/2017\/03\/2-1-300x89.jpg 300w, http:\/\/www.lezerszinter.hu\/wp-content\/uploads\/2017\/03\/2-1-768x229.jpg 768w, http:\/\/www.lezerszinter.hu\/wp-content\/uploads\/2017\/03\/2-1-1024x305.jpg 1024w\" sizes=\"(max-width: 1680px) 100vw, 1680px\" \/><div class=\"eedee-background-div__overlay\" style=\"opacity:1\"><\/div><\/div><div class=\"slide-content\">\n<p class=\"has-text-align-center gutenslider-content-initial has-larger-font-size\"><\/p>\n<\/div><\/div><\/div>\n\n<\/div><button class=\"slick-arrow slick-prev eedee-gutenslider-nav eedee-gutenslider-prev\"><svg xmlns=\"http:\/\/www.w3.org\/2000\/svg\" viewBox=\"0 0 24 24\" width=\"24\" height=\"24\"><circle class=\"bg\" cx=\"13\" cy=\"12\" r=\"11\" \/><path fill=\"none\" d=\"M0 0h24v24H0z\"\/><path class=\"arrow\" d=\"M10.828 12l4.95 4.95-1.414 1.414L8 12l6.364-6.364 1.414 1.414z\"\/><\/svg><\/button><button class=\"slick-arrow slick-next eedee-gutenslider-nav eedee-gutenslider-next\"><svg xmlns=\"http:\/\/www.w3.org\/2000\/svg\" viewBox=\"0 0 24 24\" width=\"24\" height=\"24\"><circle class=\"bg\" cx=\"11\" cy=\"12\" r=\"11\" \/><path fill=\"none\" d=\"M0 0h24v24H0z\"\/><path class=\"arrow\" d=\"M13.172 12l-4.95-4.95 1.414-1.414L16 12l-6.364 6.364-1.414-1.414z\"\/><\/svg><\/button><\/div><\/div><\/div>\n\n\n\n<h1>Technol\u00f3gia<\/h1>\n\n\n\n<p>A l\u00e9zer szinter g\u00e9p a h\u00eddv\u00e1zat r\u00e9tegr\u0151l r\u00e9tegre \u00e9p\u00edti fel egy l\u00e9zernyal\u00e1b seg\u00edts\u00e9g\u00e9vel. A fel\u00fclet mikrostrukt\u00far\u00e1j\u00e1nak \u00e9s a cs\u00f6kkentett oxid\u00e1ci\u00f3j\u00e1nak k\u00f6sz\u00f6nhet\u0151en er\u0151s k\u00f6t\u00e9s alakul ki a ker\u00e1mia \u00e9s a f\u00e9mv\u00e1z k\u00f6z\u00f6tt. Az elj\u00e1r\u00e1s sor\u00e1n az anyag s\u0171r\u0171s\u00e9ge megk\u00f6zel\u00edti a 100%-ot, ami a legmagasabb h\u00faz\u00f3szil\u00e1rds\u00e1gi \u00e9rt\u00e9keket eredm\u00e9nyezi. Cs\u00f6kkenti, illetve kiz\u00e1rja a hiba lehet\u0151s\u00e9geket. Pontosabb, prec\u00edzebb munk\u00e1kat biztos\u00edthat a fogorvosoknak \u00e9s a p\u00e1cienseknek egyar\u00e1nt.<\/p>\n\n\n\n<p>Az el\u0151ny\u00f6k \u00f6sszegz\u00e9se a l\u00e9zer szinter elj\u00e1r\u00e1st \u00e9s a hagyom\u00e1nyos elj\u00e1r\u00e1st figyelembe v\u00e9ve: homogenit\u00e1s, fesz\u00fclts\u00e9gmentes, prec\u00edzebb, id\u0151takar\u00e9kos, gazdas\u00e1gos.<\/p>\n\n\n\n<figure class=\"wp-block-embed is-type-video is-provider-youtube wp-block-embed-youtube wp-embed-aspect-16-9 wp-has-aspect-ratio\"><div class=\"wp-block-embed__wrapper\">\n<iframe loading=\"lazy\" title=\"Simos Dental Limited HD\" width=\"1200\" height=\"675\" src=\"https:\/\/www.youtube.com\/embed\/tTy4eZwzjTw?feature=oembed\" frameborder=\"0\" allow=\"accelerometer; autoplay; clipboard-write; encrypted-media; gyroscope; picture-in-picture; web-share\" allowfullscreen><\/iframe>\n<\/div><\/figure>\n\n\n\n<figure class=\"wp-block-gallery columns-4 is-cropped\"><ul class=\"blocks-gallery-grid\"><li class=\"blocks-gallery-item\"><figure><a href=\"http:\/\/www.lezerszinter.hu\/wp-content\/uploads\/2017\/03\/1-1.jpg\"><img loading=\"lazy\" width=\"285\" height=\"160\" src=\"http:\/\/www.lezerszinter.hu\/wp-content\/uploads\/2017\/03\/1-1.jpg\" alt=\"\" data-id=\"263\" data-full-url=\"http:\/\/www.lezerszinter.hu\/wp-content\/uploads\/2017\/03\/1-1.jpg\" data-link=\"http:\/\/www.lezerszinter.hu\/index.php\/technologia\/1-2\/\" class=\"wp-image-263\"\/><\/a><\/figure><\/li><li class=\"blocks-gallery-item\"><figure><a href=\"http:\/\/www.lezerszinter.hu\/wp-content\/uploads\/2017\/03\/2-2.jpg\"><img loading=\"lazy\" width=\"285\" height=\"160\" src=\"http:\/\/www.lezerszinter.hu\/wp-content\/uploads\/2017\/03\/2-2.jpg\" alt=\"\" data-id=\"264\" data-full-url=\"http:\/\/www.lezerszinter.hu\/wp-content\/uploads\/2017\/03\/2-2.jpg\" data-link=\"http:\/\/www.lezerszinter.hu\/index.php\/technologia\/2-3\/\" class=\"wp-image-264\"\/><\/a><\/figure><\/li><li class=\"blocks-gallery-item\"><figure><a href=\"http:\/\/www.lezerszinter.hu\/wp-content\/uploads\/2017\/03\/3-1.jpg\"><img loading=\"lazy\" width=\"285\" height=\"160\" src=\"http:\/\/www.lezerszinter.hu\/wp-content\/uploads\/2017\/03\/3-1.jpg\" alt=\"\" data-id=\"265\" data-full-url=\"http:\/\/www.lezerszinter.hu\/wp-content\/uploads\/2017\/03\/3-1.jpg\" data-link=\"http:\/\/www.lezerszinter.hu\/index.php\/technologia\/3-2\/\" class=\"wp-image-265\"\/><\/a><\/figure><\/li><li class=\"blocks-gallery-item\"><figure><a href=\"http:\/\/www.lezerszinter.hu\/wp-content\/uploads\/2017\/03\/4-1.jpg\"><img loading=\"lazy\" width=\"285\" height=\"160\" src=\"http:\/\/www.lezerszinter.hu\/wp-content\/uploads\/2017\/03\/4-1.jpg\" alt=\"\" data-id=\"266\" data-full-url=\"http:\/\/www.lezerszinter.hu\/wp-content\/uploads\/2017\/03\/4-1.jpg\" data-link=\"http:\/\/www.lezerszinter.hu\/index.php\/technologia\/4-2\/\" class=\"wp-image-266\"\/><\/a><\/figure><\/li><\/ul><\/figure>\n\n\n\n<div class=\"wp-block-columns\">\n<div class=\"wp-block-column\">\n<h3>Schulze Labor<\/h3>\n\n\n\n<p><strong>C\u00edm:<\/strong>\u00a01122 Budapest, Csaba utca 8.<br><strong>E-mail:<\/strong>\u00a0info@lezerszinter.hu, schulzefogtechnika@gmail.com<\/p>\n\n\n\n<p><strong>Tov\u00e1bbi inform\u00e1ci\u00f3kkal&nbsp;kapcsolatban:<\/strong><\/p>\n\n\n\n<ul><li>Schulze L\u00e1szl\u00f3&nbsp;Tel:<a href=\"tel:+36203661080\" data-type=\"tel\" data-id=\"tel:+36203661080\"> +36 20 366&nbsp;1080<\/a><\/li><\/ul>\n\n\n\n<figure class=\"wp-block-image size-large is-resized\"><a href=\"https:\/\/www.facebook.com\/laserszinter.hu\/?fref=ts\" target=\"_blank\" rel=\"lezerszinter.hu noopener\"><img loading=\"lazy\" src=\"http:\/\/www.lezerszinter.hu\/wp-content\/uploads\/2017\/03\/facebook-logo-1.png\" alt=\"\" class=\"wp-image-279\" width=\"44\" height=\"44\" srcset=\"http:\/\/www.lezerszinter.hu\/wp-content\/uploads\/2017\/03\/facebook-logo-1.png 175w, http:\/\/www.lezerszinter.hu\/wp-content\/uploads\/2017\/03\/facebook-logo-1-150x150.png 150w\" sizes=\"(max-width: 44px) 100vw, 44px\" \/><\/a><\/figure>\n<\/div>\n\n\n\n<div class=\"wp-block-column\">\n<iframe src=\"https:\/\/www.google.com\/maps\/embed?pb=!1m18!1m12!1m3!1d2695.1833707439696!2d19.020187315062223!3d47.50582000292854!2m3!1f0!2f0!3f0!3m2!1i1024!2i768!4f13.1!3m3!1m2!1s0x4741dea1b24b7b8d%3A0x9370009bfbe60c24!2sBudapest%2C%20Csaba%20u.%208%2C%201122!5e0!3m2!1shu!2shu!4v1662492295515!5m2!1shu!2shu\" width=\"600\" height=\"450\" style=\"border:0;\" allowfullscreen=\"\" loading=\"lazy\" referrerpolicy=\"no-referrer-when-downgrade\"><\/iframe>\n<\/div>\n<\/div>\n","protected":false},"excerpt":{"rendered":"<p>Technol\u00f3gia A l\u00e9zer szinter g\u00e9p a h\u00eddv\u00e1zat r\u00e9tegr\u0151l r\u00e9tegre \u00e9p\u00edti fel egy l\u00e9zernyal\u00e1b seg\u00edts\u00e9g\u00e9vel. A fel\u00fclet mikrostrukt\u00far\u00e1j\u00e1nak \u00e9s a cs\u00f6kkentett oxid\u00e1ci\u00f3j\u00e1nak k\u00f6sz\u00f6nhet\u0151en er\u0151s k\u00f6t\u00e9s alakul ki a ker\u00e1mia \u00e9s a f\u00e9mv\u00e1z k\u00f6z\u00f6tt. Az elj\u00e1r\u00e1s sor\u00e1n az anyag s\u0171r\u0171s\u00e9ge megk\u00f6zel\u00edti a 100%-ot, ami a legmagasabb h\u00faz\u00f3szil\u00e1rds\u00e1gi \u00e9rt\u00e9keket eredm\u00e9nyezi. Cs\u00f6kkenti, illetve kiz\u00e1rja a hiba lehet\u0151s\u00e9geket. Pontosabb, prec\u00edzebb &#8230; <a title=\"F\u0151oldal\" class=\"read-more\" href=\"http:\/\/www.lezerszinter.hu\/\" aria-label=\"Tov\u00e1bbiak F\u0151oldal\">Olvass tov\u00e1bb<\/a><\/p>\n","protected":false},"author":15,"featured_media":0,"parent":0,"menu_order":0,"comment_status":"closed","ping_status":"closed","template":"","meta":[],"_links":{"self":[{"href":"http:\/\/www.lezerszinter.hu\/index.php\/wp-json\/wp\/v2\/pages\/319"}],"collection":[{"href":"http:\/\/www.lezerszinter.hu\/index.php\/wp-json\/wp\/v2\/pages"}],"about":[{"href":"http:\/\/www.lezerszinter.hu\/index.php\/wp-json\/wp\/v2\/types\/page"}],"author":[{"embeddable":true,"href":"http:\/\/www.lezerszinter.hu\/index.php\/wp-json\/wp\/v2\/users\/15"}],"replies":[{"embeddable":true,"href":"http:\/\/www.lezerszinter.hu\/index.php\/wp-json\/wp\/v2\/comments?post=319"}],"version-history":[{"count":13,"href":"http:\/\/www.lezerszinter.hu\/index.php\/wp-json\/wp\/v2\/pages\/319\/revisions"}],"predecessor-version":[{"id":383,"href":"http:\/\/www.lezerszinter.hu\/index.php\/wp-json\/wp\/v2\/pages\/319\/revisions\/383"}],"wp:attachment":[{"href":"http:\/\/www.lezerszinter.hu\/index.php\/wp-json\/wp\/v2\/media?parent=319"}],"curies":[{"name":"wp","href":"https:\/\/api.w.org\/{rel}","templated":true}]}}